{"id":443,"date":"2020-05-05T14:44:02","date_gmt":"2020-05-05T12:44:02","guid":{"rendered":"http:\/\/menuiserie-alc.fr\/?page_id=443"},"modified":"2024-05-31T18:39:31","modified_gmt":"2024-05-31T16:39:31","slug":"mesures-covid-19","status":"publish","type":"page","link":"https:\/\/menuiserie-alc.fr\/index.php\/mesures-covid-19\/","title":{"rendered":"Des initiatives pour prot\u00e9ger nos \u00e9cosyst\u00e8mes"},"content":{"rendered":"\r\n<blockquote class=\"wp-block-quote is-layout-flow wp-block-quote-is-layout-flow\">\r\n<div class=\"wp-block-group\"><div class=\"wp-block-group__inner-container is-layout-constrained wp-block-group-is-layout-constrained\">\r\n<div class=\"wp-block-group\"><div class=\"wp-block-group__inner-container is-layout-constrained wp-block-group-is-layout-constrained\">\r\n<div class=\"wp-block-group\"><div class=\"wp-block-group__inner-container is-layout-constrained wp-block-group-is-layout-constrained\">\r\n<div class=\"wp-block-group is-nowrap is-layout-flex wp-container-core-group-is-layout-2 wp-block-group-is-layout-flex\">\r\n<div class=\"wp-block-group is-nowrap is-layout-flex wp-container-core-group-is-layout-1 wp-block-group-is-layout-flex\">\r\n<div class=\"wp-block-media-text alignwide is-stacked-on-mobile\" style=\"grid-template-columns: 48% auto;\">\r\n<figure class=\"wp-block-media-text__media\"><img decoding=\"async\" class=\"wp-image-1154 size-full\" src=\"http:\/\/www.monsoti.fr\/wp-content\/uploads\/2023\/05\/Sans-titre-scaled-e1684653771525-1024x766.jpg\" alt=\"\" \/><\/figure>\r\n<div class=\"wp-block-media-text__content\">\r\n<figure class=\"wp-block-image size-full is-resized\"><img decoding=\"async\" class=\"wp-image-1131\" style=\"width: 74px; height: 68px;\" src=\"http:\/\/www.monsoti.fr\/wp-content\/uploads\/2023\/05\/istockphoto-1129130882-612x612-1.png\" alt=\"\" \/><\/figure>\r\n\r\n\r\n\r\n<h3 class=\"wp-block-heading has-text-color\" style=\"color: #266850;\"><strong><em>UN BEL EXEMPLE DE PROTECTION DE NOS \u00c9COSYST\u00c8ME<\/em><\/strong>S<\/h3>\r\n\r\n\r\n\r\n<h2 id=\"block-840b9980-6c26-4eb0-947c-52ae2c2c09b9\" class=\"wp-block-heading has-small-font-size\">Les dirigeants se sont engag\u00e9s dans une d\u00e9marche de pr\u00e9servation de l&rsquo;environnement avec pour objectif de prot\u00e9ger, restaurer les \u00e9cosyst\u00e8mes, valoriser notre territoire et susciter des am\u00e9liorations locales afin d\u2019inverser le d\u00e9clin de la biodiversit\u00e9.<br \/>En soutenant l\u2019association du Centre de Sant\u00e9 de Thiais sur une probl\u00e9matique d&rsquo;assistance m\u00e9dicale \u00e0 la population de la commune, les soci\u00e9t\u00e9s du groupe ont offert un parcours de protection de la diversit\u00e9 des esp\u00e8ces locales, dans les 400 m2 du jardin paysag\u00e9 du Centre de Sant\u00e9.<br \/>Pr\u00e9sence de : potagers, h\u00f4tels \u00e0 insectes, mangeoires \u00e0 oiseaux, plantation de plantes mellif\u00e8res pour la pr\u00e9servation des abeilles, conseils pour pr\u00e9server la biodiversit\u00e9 dans les jardins, etc..<\/h2>\r\n<\/div>\r\n<\/div>\r\n<\/div>\r\n<\/div>\r\n<\/div><\/div>\r\n<\/div><\/div>\r\n<\/div><\/div>\r\n<\/blockquote>\r\n\r\n\r\n\r\n<p>&nbsp;<\/p>\r\n\r\n\r\n\r\n<p>&nbsp;<\/p>\r\n\r\n\r\n\r\n<p>&nbsp;<\/p>\r\n\r\n\r\n<hr class=\"wp-block-separator has-css-opacity is-style-default\" \/>\r\n\r\n<div class=\"wp-block-image is-style-rounded\">\r\n<figure class=\"aligncenter size-large is-resized\"><img decoding=\"async\" style=\"width: 150px; height: 150px;\" src=\"http:\/\/www.monsoti.fr\/wp-content\/uploads\/2024\/05\/Pascal-MONTI-copie.jpg\" alt=\"Un portrait de profil d\u2019une femme portant un pull \u00e0 col roul\u00e9 ocre et un sac blanc. Elle regarde en l\u2019air et ferme les yeux.\" \/><\/figure><\/div>\r\n\r\n\r\n<p class=\"has-text-align-center\">\u00ab\u00a0<em>La biodiversit\u00e9, souvent cit\u00e9e pour son importance \u00e0 l\u2019\u00e9chelle plan\u00e9taire, n\u2019est pas seulement essentielle \u00e0 grande \u00e9chelle. Au sein de nos jardins, elle joue un r\u00f4le cl\u00e9. En attirant divers pollinisateurs, tels que les abeilles, papillons et oiseaux, un jardin accueillant la biodiversit\u00e9 assure une fructification et diversit\u00e9 g\u00e9n\u00e9tique des plantes. En favorisant les \u00e9cosyst\u00e8mes \u00e0 l\u2019\u00e9chelle du jardin du Centre de Sant\u00e9, nous contribuons \u00e0 la pr\u00e9servation de la diversit\u00e9 biologique \u00e0 l\u2019\u00e9chelle locale, voire r\u00e9gionale. J\u2019esp\u00e8re que notre parcours sur la biodiversit\u00e9 s\u00e9duira nos visiteurs&#8230;<\/em>\u00a0\u00bb<\/p>\r\n\r\n\r\n\r\n<p class=\"has-text-align-center\">\u2014 Pascal MONTI, <em>Pr\u00e9sident Groupe GBE<\/em><\/p>\r\n\r\n\r\n<hr class=\"wp-block-separator has-css-opacity is-style-default\" \/>\r\n\r\n\r\n<div class=\"wp-block-media-text alignwide is-stacked-on-mobile\">\r\n<figure class=\"wp-block-media-text__media\"><\/figure>\r\n<div class=\"wp-block-media-text__content\">\r\n<p>&nbsp;<\/p>\r\n<\/div>\r\n<\/div>\r\n\r\n\r\n\r\n<div class=\"wp-block-group alignfull has-background\" style=\"background-color: #f5eac1; padding: 6vw;\"><div class=\"wp-block-group__inner-container is-layout-flow wp-block-group-is-layout-flow\">\r\n<div class=\"wp-block-group is-vertical is-nowrap is-layout-flex wp-container-core-group-is-layout-6 wp-block-group-is-layout-flex\" style=\"padding-right: 0; padding-left: 0;\">\r\n<h6 id=\"ecosystem\" class=\"wp-block-heading has-text-color\" style=\"color: #26634d; font-size: 16px;\">NOTRE LIGNE DE CONDUITE<\/h6>\r\n\r\n\r\n\r\n<h3 class=\"wp-block-heading has-text-color\" style=\"color: #26634d; font-size: 27px;\"><strong><em>VALORISER LES ESPACES NATURELS ET LA RESSOURCE EN BOIS<\/em><\/strong><\/h3>\r\n\r\n\r\n\r\n<p>&nbsp;<\/p>\r\n\r\n\r\n<hr class=\"wp-block-separator has-alpha-channel-opacity\" \/>\r\n\r\n<hr class=\"wp-block-separator has-alpha-channel-opacity\" \/><\/div>\r\n\r\n\r\n\r\n<div class=\"wp-block-media-text alignwide is-stacked-on-mobile\" style=\"grid-template-columns: 33% auto;\">\r\n<figure class=\"wp-block-media-text__media\"><img decoding=\"async\" class=\"wp-image-1729 size-full\" src=\"http:\/\/www.monsoti.fr\/wp-content\/uploads\/2024\/05\/Arbres-2.jpg\" alt=\"\" \/><\/figure>\r\n<div class=\"wp-block-media-text__content\">\r\n<p style=\"font-size: 16px;\">Pour le Groupe GBE, la pr\u00e9servation de nos milieux naturels est une pr\u00e9occupation \u00e9vidente. Nous nous effor\u00e7ons de fabriquer et distribuer des produits respectueux de l\u2019environnement. Nos prestataires fournisseurs de bois sont s\u00e9lectionn\u00e9s avec beaucoup d\u2019attention et disposent des Certifications PEFC et\/ou FSC\u00ae.\u00a0<\/p>\r\n\r\n\r\n\r\n<p style=\"font-size: 16px;\">Dans notre gamme de produits, nous privil\u00e9gions ceux dont le traitement respecte l&rsquo;environnement. Tous les produits sp\u00e9cifi\u00e9s tels que :<br \/>\u00a0&#8211;\u00a0Les Bois Massifs : Ch\u00eane, H\u00eatre, Iroko, Sipo sont issus de coupes foresti\u00e8res r\u00e9glement\u00e9es aussi bien en France pour les bois indig\u00e8nes, qu\u2019en Afrique pour les bois exotiques.<br \/>\u00a0&#8211;\u00a0Les Epic\u00e9a et Sapin sont certifi\u00e9s PEFC Le Groupe travaille historiquement avec des partenaires de confiance.<\/p>\r\n\r\n\r\n\r\n<p>&nbsp;<\/p>\r\n<\/div>\r\n<\/div>\r\n\r\n\r\n\r\n<div class=\"wp-block-group alignwide is-vertical is-nowrap is-layout-flex wp-container-core-group-is-layout-7 wp-block-group-is-layout-flex\" style=\"padding: 0;\">\r\n<div class=\"wp-block-columns alignwide is-layout-flex wp-container-core-columns-is-layout-1 wp-block-columns-is-layout-flex\">\r\n<div class=\"wp-block-column is-vertically-aligned-center is-layout-flow wp-block-column-is-layout-flow\" style=\"flex-basis: 100%;\">\r\n<div class=\"wp-block-media-text alignwide is-stacked-on-mobile\" style=\"grid-template-columns: 15% auto;\">\r\n<figure class=\"wp-block-media-text__media\"><img decoding=\"async\" class=\"wp-image-1273 size-full\" src=\"http:\/\/www.monsoti.fr\/wp-content\/uploads\/2024\/05\/PEFC-3.png\" alt=\"\" \/><\/figure>\r\n<div class=\"wp-block-media-text__content\">\r\n<p class=\"has-text-align-left\" style=\"font-size: 15px;\">Appos\u00e9e sur un produit \u00e0 base de bois, la marque PEFC (\u00ab Pan European Forest Certification \u00bb devenu \u00ab Programme for the Endorsement of Forest Certification schemes \u00bb) vous apporte la garantie que le produit que vous achetez est issu de sources responsables et, qu&rsquo;\u00e0 travers votre achat, vous participez \u00e0 la gestion durable des for\u00eats.<\/p>\r\n<\/div>\r\n<\/div>\r\n\r\n\r\n\r\n<div class=\"wp-block-media-text alignwide has-media-on-the-right is-stacked-on-mobile\" style=\"grid-template-columns: auto 15%;\">\r\n<div class=\"wp-block-media-text__content\">\r\n<p class=\"has-text-align-right\" style=\"font-size: 15px;\">Le certificat \u00ab cha\u00eene de contr\u00f4le \u00bb FSC\u00ae (\u00ab\u00a0Forest stewardship Council \u00ae\u00a0\u00bb) permet de suivre les mat\u00e9riaux labellis\u00e9s tout au long du processus de production, depuis la for\u00eat jusqu\u2019au consommateur, en incluant toutes les \u00e9tapes successives de traitement, de transformation, de fabrication et de distribution. L&rsquo;ensemble de 10 Principes et Crit\u00e8res doit \u00eatre appliqu\u00e9 en for\u00eat avant de pouvoir recevoir la certification FSC\u00ae. Les Principes et Crit\u00e8res sont d\u00e9finis au niveau international, et d\u00e9clin\u00e9s \u00e0 l\u2019\u00e9chelle nationale en indicateurs applicables sur le terrain.<\/p>\r\n<\/div>\r\n<figure class=\"wp-block-media-text__media\"><img decoding=\"async\" class=\"wp-image-1274 size-full\" src=\"http:\/\/www.monsoti.fr\/wp-content\/uploads\/2024\/05\/FSC-5.png\" alt=\"\" \/><\/figure>\r\n<\/div>\r\n<\/div>\r\n<\/div>\r\n<\/div>\r\n\r\n\r\n\r\n<p class=\"has-text-color\" style=\"color: #26634d; font-size: 17px;\"><strong><em>CETTE V\u00c9RIFICATION DE L\u2019ENSEMBLE DES EXIGENCES DU FSC\u00ae GARANTIT QUE LES MATERIAUX ET PRODUITS LABELLIS\u00c9S FSC\u00ae PROVIENNENT DE FORETS GER\u00c9ES DE FA\u00c7ON RESPONSABLE.<\/em><\/strong><\/p>\r\n<\/div><\/div>\r\n\r\n\r\n\r\n<h2 class=\"wp-block-heading\" style=\"font-size: 38px; line-height: 1.4;\">\u00a0<\/h2>\r\n\r\n\r\n\r\n<div class=\"wp-block-media-text alignwide has-media-on-the-right is-stacked-on-mobile is-vertically-aligned-center has-background\" style=\"background-color: #f1f5c7; grid-template-columns: auto 37%;\">\r\n<div class=\"wp-block-media-text__content\">\r\n<div class=\"wp-block-group\" style=\"padding: 2em;\"><div class=\"wp-block-group__inner-container is-layout-flow wp-block-group-is-layout-flow\">\r\n<p class=\"has-text-color\" style=\"color: #26634d; font-size: 36px; line-height: 1.2;\"><strong>Organiser le r\u00e9emploi des palettes issues de notre logistique livraisons.<\/strong><\/p>\r\n\r\n\r\n\r\n<p class=\"has-black-color has-text-color has-extra-small-font-size\">Le recyclage des d\u00e9chets issus de nos activit\u00e9s est devenu une pr\u00e9occupation majeure. Avec la loi dite des\u00a05 flux, le\u00a0<strong>recyclage du bois<\/strong>\u00a0est en effet obligatoire en France depuis juillet 2016.\u00a0Concernant nos palettes en bois issues de notre logistique de livraison, nous avons d\u00e9cid\u00e9 d\u2019impliquer nos partenaires fournisseurs et de valoriser l\u2019utilisation de ces palettes. <strong>Chaque fournisseur livre une palette et repart avec une autre palette, qui est identifi\u00e9e en attente dans la cour de nos d\u00e9p\u00f4ts.<\/strong> Un espace recyclage est en effet pr\u00e9vu \u00e0 cet effet. La\u00a0valorisation\u00a0contribue \u00e0 la r\u00e9duction des d\u00e9chets et \u00e0 la pr\u00e9servation des ressources naturelles. En d\u2019autres termes, cela permet de<strong>\u00a0r\u00e9duire l\u2019impact<\/strong>\u00a0environnemental associ\u00e9 \u00e0 la production de nouvelles palettes en\u00a0bois.<\/p>\r\n\r\n\r\n\r\n<p class=\"has-black-color has-text-color\">Notre espace de recyclage est adapt\u00e9 et s\u00e9curis\u00e9.<\/p>\r\n<\/div><\/div>\r\n<\/div>\r\n<figure class=\"wp-block-media-text__media\"><img decoding=\"async\" class=\"wp-image-1287 size-full\" src=\"http:\/\/www.monsoti.fr\/wp-content\/uploads\/2024\/05\/Capture-decran-2024-05-12-a-20.59.22-708x1024.png\" alt=\"\" \/><\/figure>\r\n<\/div>\r\n","protected":false},"excerpt":{"rendered":"<p>&nbsp; &nbsp; &nbsp; \u00ab\u00a0La biodiversit\u00e9, souvent cit\u00e9e pour son importance \u00e0 l\u2019\u00e9chelle plan\u00e9taire, n\u2019est pas seulement essentielle \u00e0 grande \u00e9chelle. Au sein de nos jardins, elle joue un r\u00f4le cl\u00e9. En attirant divers pollinisateurs, tels que les abeilles, papillons et oiseaux, un jardin accueillant la biodiversit\u00e9 assure une fructification et diversit\u00e9 g\u00e9n\u00e9tique des plantes. En<\/p><\/div>\n<div class=\"blog-btn\"><a href=\"https:\/\/menuiserie-alc.fr\/index.php\/mesures-covid-19\/\" class=\"home-blog-btn\">Lire la suite<\/a><\/p>\n","protected":false},"author":1,"featured_media":0,"parent":0,"menu_order":0,"comment_status":"closed","ping_status":"closed","template":"template\/template-page-full-width.php","meta":{"footnotes":""},"_links":{"self":[{"href":"https:\/\/menuiserie-alc.fr\/index.php\/wp-json\/wp\/v2\/pages\/443"}],"collection":[{"href":"https:\/\/menuiserie-alc.fr\/index.php\/wp-json\/wp\/v2\/pages"}],"about":[{"href":"https:\/\/menuiserie-alc.fr\/index.php\/wp-json\/wp\/v2\/types\/page"}],"author":[{"embeddable":true,"href":"https:\/\/menuiserie-alc.fr\/index.php\/wp-json\/wp\/v2\/users\/1"}],"replies":[{"embeddable":true,"href":"https:\/\/menuiserie-alc.fr\/index.php\/wp-json\/wp\/v2\/comments?post=443"}],"version-history":[{"count":168,"href":"https:\/\/menuiserie-alc.fr\/index.php\/wp-json\/wp\/v2\/pages\/443\/revisions"}],"predecessor-version":[{"id":1585,"href":"https:\/\/menuiserie-alc.fr\/index.php\/wp-json\/wp\/v2\/pages\/443\/revisions\/1585"}],"wp:attachment":[{"href":"https:\/\/menuiserie-alc.fr\/index.php\/wp-json\/wp\/v2\/media?parent=443"}],"curies":[{"name":"wp","href":"https:\/\/api.w.org\/{rel}","templated":true}]}}