{"id":328,"date":"2019-09-28T16:05:02","date_gmt":"2019-09-28T14:05:02","guid":{"rendered":"http:\/\/menuiserie-alc.fr\/?page_id=328"},"modified":"2024-05-31T18:37:30","modified_gmt":"2024-05-31T16:37:30","slug":"notre-engagement","status":"publish","type":"page","link":"https:\/\/menuiserie-alc.fr\/index.php\/notre-engagement\/","title":{"rendered":"S\u2019impliquer pour une politique de d\u00e9veloppement durable\u2026"},"content":{"rendered":"\r\n<div class=\"wp-block-group\"><div class=\"wp-block-group__inner-container is-layout-flow wp-block-group-is-layout-flow\">\r\n<p><a href=\"https:\/\/menuiserie-alc.fr\/wp-content\/uploads\/2020\/09\/IMG_14931-1.jpg\"><img decoding=\"async\" class=\" wp-image-842 alignleft\" src=\"https:\/\/menuiserie-alc.fr\/wp-content\/uploads\/2020\/09\/IMG_14931-1-300x225.jpg\" alt=\"\" width=\"458\" height=\"344\" srcset=\"https:\/\/menuiserie-alc.fr\/wp-content\/uploads\/2020\/09\/IMG_14931-1-300x225.jpg 300w, https:\/\/menuiserie-alc.fr\/wp-content\/uploads\/2020\/09\/IMG_14931-1-768x576.jpg 768w, https:\/\/menuiserie-alc.fr\/wp-content\/uploads\/2020\/09\/IMG_14931-1-1024x768.jpg 1024w\" sizes=\"(max-width: 458px) 100vw, 458px\" \/><\/a><\/p>\r\n<h6>\u00a0<\/h6>\r\n<h6 style=\"font-weight: 400;\"><em>\u00ab Le dernier rapport du GIEC* nous le rappelle : le changement climatique est une menace pour le bien-\u00eatre humain et la sant\u00e9 de la plan\u00e8te. Nous devons donc acc\u00e9l\u00e9rer nos actions pour anticiper au maximum les risques que le changement climatique fait peser sur nos territoires. Le d\u00e9ni n\u2019est plus possible.\u00bb<br \/>Christophe B\u00e9chu &#8211; Ministre de la Transition \u00e9cologique et de la Coh\u00e9sion des territoires<\/em><\/h6>\r\n<p>Nous observons depuis plusieurs ann\u00e9es un contexte mondial qui se resserre autour de l\u2019urgence de lutter contre le d\u00e9r\u00e8glement climatique, l\u2019un des d\u00e9fis majeurs du XXIe si\u00e8cle, tant elle appelle \u00e0 des transformations profondes des soci\u00e9t\u00e9s, des territoires et de l\u2019\u00e9conomie mondiale. Ces d\u00e9clarations et ces signaux forts en faveur de la transition vers une \u00e9conomie bas-carbone, l\u2019acc\u00e9l\u00e9ration des transformations digitales, l\u2019accroissement des in\u00e9galit\u00e9s sociales r\u00e9interrogent nos soci\u00e9t\u00e9s pour prendre le bon virage.<\/p>\r\n<p>&nbsp;<\/p>\r\n<blockquote>\r\n<h6 style=\"font-weight: 400;\">Un virage que nous avons d\u2019ores et d\u00e9j\u00e0 pris dans nos entreprises. Nous avons lanc\u00e9 depuis plusieurs ann\u00e9es de grands chantiers pour r\u00e9pondre aux nouveaux enjeux et envisager l\u2019avenir avec s\u00e9r\u00e9nit\u00e9, en appliquant notre <strong>Raison d\u2019\u00eatre<\/strong> : <strong><em>\u00ab Innover et am\u00e9liorer pour un habitat respectueux et conforme pour tous<\/em><\/strong><em> \u00bb.<\/em><\/h6>\r\n<h6 style=\"font-weight: 400;\">Si l\u2019ann\u00e9e 2023 a \u00e9t\u00e9 celle de l\u2019\u00e9laboration collaborative de notre <strong>Vision d\u2019entreprise<\/strong> \u00ab <strong>R\u00e9nover les logements du plus grand nombre de foyers avec qualit\u00e9, respect des personnes et de l\u2019environnement<\/strong> \u00bb, elle est \u00e9galement celle de la mise en \u0153uvre des actions pour la vivre.<\/h6>\r\n<\/blockquote>\r\n<h6 style=\"font-weight: 400;\">Acteur engag\u00e9 dans le monde du b\u00e2timent, nos soci\u00e9t\u00e9s veillent depuis toujours \u00e0 ce que nos offres de r\u00e9novation et d\u2019entretien de patrimoines immobiliers, tous corps d\u2019\u00e9tat, soient conformes aux attentes de nos clients dans une optique de responsabilit\u00e9 soci\u00e9tale.<em><br \/>* GIEC\u00a0: Groupe d\u2019Experts Intergouvernemental sur l\u2019\u00c9volution du Climat<\/em><\/h6>\r\n<h3><strong><em>NOS VALEURS<\/em><\/strong><\/h3>\r\n\r\n\r\n\r\n<div class=\"wp-block-columns alignwide is-layout-flex wp-container-core-columns-is-layout-1 wp-block-columns-is-layout-flex\" style=\"margin-bottom: 0;\">\r\n<div class=\"wp-block-column has-text-color has-background has-link-color wp-elements-6d5c1158a448a9e8cf398b1dfcb26ff3 is-layout-flow wp-block-column-is-layout-flow\" style=\"color: #000000; background-color: #ffe97d; padding: 2em;\">\r\n<h2 id=\"single\" class=\"wp-block-heading\" style=\"font-size: 26px;\"><strong><strong> Fiabilit\u00e9<\/strong><\/strong><\/h2>\r\n\r\n\r\n\r\n<p class=\"has-normal-font-size\" style=\"line-height: 1.5;\"><strong>Nos clients comptent sur nos \u00e9quipes pour la meilleure r\u00e9alisation de nos interventions d\u2019entretien et de r\u00e9novation. Nous nous engageons \u00e0 garantir leur fiabilit\u00e9 et leur disponibilit\u00e9 pour la plus grande satisfaction de nos clients.\u00a0<\/strong><\/p>\r\n\r\n\r\n<hr class=\"wp-block-separator has-text-color has-css-opacity has-background is-style-wide\" style=\"background-color: #000000; color: #000000;\" \/><\/div>\r\n\r\n\r\n\r\n<div class=\"wp-block-column has-text-color has-background has-link-color wp-elements-ace848fe06f065a053525bd604b009ad is-layout-flow wp-block-column-is-layout-flow\" style=\"color: #000000; background-color: #d1d1e1; padding: 2em;\">\r\n<h2 id=\"family\" class=\"wp-block-heading\" style=\"font-size: 25px;\"><strong>Durabilit\u00e9<\/strong><\/h2>\r\n\r\n\r\n\r\n<p class=\"has-normal-font-size\" style=\"line-height: 1.5;\"><strong>Nous poursuivons un d\u00e9veloppement continu et responsable de nos activit\u00e9s en d\u00e9ployant des solutions efficaces, innovantes et durables. Nous investissons sur les moyens et les ressources pour construire d\u00e8s aujourd\u2019hui le monde \u00e9co-responsable de demain.\u00a0<\/strong><\/p>\r\n\r\n\r\n<hr class=\"wp-block-separator has-css-opacity is-style-wide\" \/><\/div>\r\n\r\n\r\n\r\n<div class=\"wp-block-column has-text-color has-background has-link-color wp-elements-0e73e4cdce0e65bf7569b9be8d11da61 is-layout-flow wp-block-column-is-layout-flow\" style=\"color: #000000; background-color: #c0ebf1; padding: 2em;\">\r\n<h2 id=\"patron\" class=\"wp-block-heading\" style=\"font-size: 25px;\"><strong>Int\u00e9grit\u00e9<\/strong><\/h2>\r\n\r\n\r\n\r\n<p class=\"has-normal-font-size\"><strong>Nous nous engageons \u00e0 faire ce qui est juste et agissons avec honn\u00eatet\u00e9 et \u00e9thique, afin d&rsquo;\u00eatre dignes de confiance dans toutes nos relations<\/strong>.<\/p>\r\n\r\n\r\n\r\n<p class=\"has-text-color has-link-color wp-elements-2157461ecb6b3004a071cc787512edb6\" style=\"color: #0b699f;\"><a href=\"http:\/\/www.monsoti.fr\/wp-content\/uploads\/2024\/05\/Charte-Ethique-et-deontologique-Groupe-GBE-copie.pdf\"><strong><em>Charte \u00c9thique et D\u00e9ontologique <\/em><\/strong><\/a><\/p>\r\n\r\n\r\n<hr class=\"wp-block-separator has-css-opacity is-style-wide\" \/><\/div>\r\n<\/div>\r\n\r\n\r\n\r\n<h5 class=\"wp-block-heading\">\u00a0<\/h5>\r\n\r\n\r\n\r\n<h3 class=\"wp-block-heading\"><strong><em>NOTRE STRAT\u00c9GIE <\/em><\/strong><\/h3>\r\n\r\n\r\n\r\n<div class=\"wp-block-columns alignfull has-text-color has-background is-layout-flex wp-container-core-columns-is-layout-2 wp-block-columns-is-layout-flex\" style=\"color: #000000; background-color: #fdf4f6;\">\r\n<div class=\"wp-block-column is-layout-flow wp-block-column-is-layout-flow\">\r\n<ul>\r\n<li>Am\u00e9liorer notre Syst\u00e8me de Management Qualit\u00e9 sur les \u00ab\u00a0Bailleurs\u00a0\u00bb. D\u00e9velopper nos comp\u00e9tences, am\u00e9liorer notre efficacit\u00e9 et nos performances pour optimiser la satisfaction de ces clients.<\/li>\r\n<\/ul>\r\n<\/div>\r\n\r\n\r\n\r\n<div class=\"wp-block-column is-layout-flow wp-block-column-is-layout-flow\">\r\n<ul>\r\n<li>Maintenir et am\u00e9liorer notre Syst\u00e8me de Management Environnemental\u00a0et d\u00e9velopper nos travaux d\u2019isolation ext\u00e9rieure.\u00a0<\/li>\r\n<\/ul>\r\n<\/div>\r\n\r\n\r\n\r\n<div class=\"wp-block-column is-layout-flow wp-block-column-is-layout-flow\">\r\n<ul>\r\n<li>Prendre en compte les impacts environnementaux, sociaux, \u00e9conomiques et \u00e9thiques de nos activit\u00e9s et int\u00e9grer \u00e0 notre strat\u00e9gie de d\u00e9veloppement les enjeux du D\u00e9veloppement Durable (RSE) et leurs interactions avec nos parties prenantes.\u00a0<\/li>\r\n<\/ul>\r\n<\/div>\r\n<\/div>\r\n\r\n\r\n\r\n<p>\u2022 \u00a0Notre strat\u00e9gie s\u2019inscrit dans une d\u00e9marche de gouvernance, formalis\u00e9e par notre Politique g\u00e9n\u00e9rale d\u2019entreprise qui est le fruit des engagements, des motivations et de la culture des dirigeants. Notre politique g\u00e9n\u00e9rale se d\u00e9finit comme l\u2019ensemble des principes directeurs et des grandes r\u00e8gles et normes qui orientent en permanence nos actions. Lettre d\u2019engagement Qualit\u00e9 \u2013 Environnement &amp; Responsabilit\u00e9 Soci\u00e9tale : <strong><a href=\"http:\/\/www.monsoti.fr\/wp-content\/uploads\/2024\/05\/Politique-Lettre-engagement-RSE-2024.pdf\"><em>Politique : Lettre engagement MONSOTI SME-SMQ-RSE 2024<\/em><\/a><\/strong><\/p>\r\n<\/div><\/div>\r\n\r\n\r\n\r\n<p>&nbsp;<\/p>\r\n\r\n\r\n\r\n<div class=\"wp-block-group\"><div class=\"wp-block-group__inner-container is-layout-flow wp-block-group-is-layout-flow\">\r\n<h3 class=\"wp-block-heading\"><strong><em>NOS OBJECTIFS<\/em><\/strong><\/h3>\r\n\r\n\r\n\r\n<div class=\"wp-block-columns alignfull has-text-color has-background is-layout-flex wp-container-core-columns-is-layout-3 wp-block-columns-is-layout-flex\" style=\"color: #000000; background-color: #ebfaf4;\">\r\n<div class=\"wp-block-column is-layout-flow wp-block-column-is-layout-flow\">\r\n<ul>\r\n<li>Syst\u00e9matiser le Digital Cleanup Day, formaliser la politique num\u00e9rique responsable, adopter une d\u00e9marche de r\u00e9duction de l\u2019empreinte carbone, \u00e9tudier l&rsquo;opportunit\u00e9 de recours aux \u00e9nergies renouvelables, s\u00e9lectionner les indicateurs recommand\u00e9s par les normes Qualit\u00e9, Environnement et RSE.\u00a0<\/li>\r\n<\/ul>\r\n<\/div>\r\n\r\n\r\n\r\n<div class=\"wp-block-column is-layout-flow wp-block-column-is-layout-flow\">\r\n<ul>\r\n<li>Nous mettrons \u00e9galement l\u2019accent sur nos enjeux et l\u2019int\u00e9gration des parties prenantes, en travaillant la transmission des d\u00e9cisions de la gouvernance sur nos espaces internet et sur nos partenaires clients et fournisseurs, par l\u2019ajout de nouveaux engagements plus protecteurs des droits de l\u2019homme en signant la charte de la diversit\u00e9,<\/li>\r\n<\/ul>\r\n<\/div>\r\n\r\n\r\n\r\n<div class=\"wp-block-column is-layout-flow wp-block-column-is-layout-flow\">\r\n<p>&nbsp;<\/p>\r\n\r\n\r\n\r\n<p class=\"has-black-color has-text-color\">en d\u00e9veloppant la Qualit\u00e9 de Vie au Travail (QVT), en soutenant la sant\u00e9 de nos collaborateurs et la formalisation de notre r\u00e9flexion sur le r\u00f4le \u00e9thique et gouvernance, qui fait partie des valeurs de notre entreprise.<\/p>\r\n<\/div>\r\n<\/div>\r\n\r\n\r\n\r\n<p>&nbsp;<\/p>\r\n\r\n\r\n\r\n<p>&nbsp;<\/p>\r\n\r\n\r\n\r\n<h3 class=\"wp-block-heading\"><strong><em>NOTRE VOLONT\u00c9 DE CR\u00c9ER DE LA VALEUR DURABLE <\/em><\/strong><\/h3>\r\n<\/div><\/div>\r\n\r\n\r\n\r\n<div class=\"wp-block-columns alignwide is-layout-flex wp-container-core-columns-is-layout-4 wp-block-columns-is-layout-flex\" style=\"margin-bottom: 0;\">\r\n<div class=\"wp-block-column has-text-color is-layout-flow wp-block-column-is-layout-flow\" style=\"color: #24614b;\">\r\n<p class=\"has-text-color\" style=\"color: #26634d;\"><strong>Nos enjeux de D\u00e9veloppement Durable sont li\u00e9s aux actions issues directement de nos activit\u00e9s, qui ont un impact direct sur notre environnement, sur la soci\u00e9t\u00e9, sur toutes les femmes et les hommes qui travaillent avec nous, tout au long de notre chaine de valeurs.<\/strong><\/p>\r\n<\/div>\r\n\r\n\r\n\r\n<div class=\"wp-block-column has-text-color is-layout-flow wp-block-column-is-layout-flow\" style=\"color: #24614b;\">\r\n<p class=\"has-text-color\" style=\"color: #26634d;\"><strong>Notre Business Model\u00a0: Proposer des interventions de r\u00e9novation et d\u2019entretien de patrimoines immobiliers, tous corps d\u2019\u00e9tat, conformes aux attentes de nos clients dans une optique de responsabilit\u00e9 soci\u00e9tale, con\u00e7us aux prix les plus justes pour \u00eatre accessibles au plus grand nombre d\u2019habitants.<\/strong><\/p>\r\n<\/div>\r\n<\/div>\r\n\r\n<h5>\u00a0<\/h5>\r\n<h5>\u00a0Notre Charte d\u2019Engagement : <em><strong><span style=\"color: #000080;\"><a href=\"http:\/\/www.monsoti.fr\/wp-content\/uploads\/2024\/05\/Charte-dengagement-2024.pdf\">Charte d&rsquo;Engagement RSE<\/a>\u00a0<\/span><\/strong><\/em><\/h5>\r\n<h3><strong><em>POUR NOUS ACCOMPAGNER DANS CETTE D\u00c9MARCHE :<\/em><\/strong><\/h3>\r\n<p><!-- \/wp:paragraph --><\/p>\r\n<p><!-- wp:paragraph --><\/p>\r\n<p><!-- \/wp:paragraph --><\/p>\r\n<p><!-- wp:heading {\"level\":5} --><\/p>\r\n<p><!-- \/wp:list-item --><\/p>\r\n<p><!-- \/wp:list --><\/p>\r\n<p><!-- wp:heading {\"level\":5,\"textColor\":\"black\"} --><\/p>\r\n<p><!-- \/wp:heading --><\/p>\r\n<p><!-- wp:heading {\"level\":5,\"style\":{\"color\":{\"text\":\"#187db7\"}}} --><\/p>\r\n<p><!-- \/wp:paragraph --><\/p>\r\n<p><!-- wp:heading {\"level\":3} --><\/p>\r\n<div class=\"wp-block-group\">\r\n<blockquote class=\"wp-block-quote\">\r\n<p><!-- wp:heading {\"level\":6,\"fontSize\":\"medium\"} --><\/p>\r\n<h6 class=\"wp-block-heading has-medium-font-size\"><strong>L\u2019entreprise fait appel \u00e0 des fournisseurs engag\u00e9s dans la pr\u00e9servation de l\u2019environnement et le D\u00e9veloppement Durable.\u00a0<\/strong><\/h6>\r\n<p><!-- \/wp:heading --><\/p>\r\n<p><!-- wp:paragraph {\"fontSize\":\"small\"} --><\/p>\r\n<p class=\"has-small-font-size\">Parmi les diff\u00e9rents crit\u00e8res de s\u00e9lection des fournisseurs : la qualit\u00e9 des produits, le respect des normes et la comp\u00e9titivit\u00e9 sont bien \u00e9videmment pris en compte, mais ceux qui partagent nos valeurs et prennent en consid\u00e9ration la qualit\u00e9, le respect de l\u2019environnement et les enjeux de la Responsabilit\u00e9 Soci\u00e9tale \u00ab p\u00e8sent \u00bb plus largement dans notre choix final.<\/p>\r\n<p>&nbsp;<\/p>\r\n<p><!-- \/wp:paragraph --><\/p>\r\n<p><!-- wp:heading {\"level\":6,\"fontSize\":\"medium\"} --><\/p>\r\n<h6 class=\"wp-block-heading has-medium-font-size\"><strong>Le \u00ab\u00a0fabriqu\u00e9 France\u00a0\u00bb, un principe\u00a0<\/strong><\/h6>\r\n<p><!-- \/wp:heading --><\/p>\r\n<p><!-- wp:paragraph {\"fontSize\":\"small\"} --><\/p>\r\n<p class=\"has-small-font-size\">Avec plus de 97% des composants et mat\u00e9riaux d\u2019origine fran\u00e7aise, et toutes les \u00e9tapes de la conception \u00e0 la construction r\u00e9alis\u00e9es en France, ALC Menuiserie d\u00e9veloppe un processus industriel \u00ab Fabriqu\u00e9 France \u00bb. L\u2019entreprise est vigilante quant \u00e0 la provenance des fournitures et s&rsquo;assure que celles-ci proviennent de France ou d\u2019Union Europ\u00e9enne et qu\u2019elles soient conformes aux normes en vigueur.<\/p>\r\n<p><!-- \/wp:paragraph --><\/p>\r\n<\/blockquote>\r\n<p><!-- \/wp:quote --><\/p>\r\n<p><!-- wp:paragraph --><\/p>\r\n<p><!-- \/wp:paragraph --><\/p>\r\n<p><!-- wp:paragraph --><\/p>\r\n<p><!-- \/wp:paragraph --><\/p>\r\n<p><!-- wp:paragraph --><\/p>\r\n<p><!-- \/wp:paragraph --><\/p>\r\n<p><!-- wp:heading {\"level\":4} --><\/p>\r\n<h4 class=\"wp-block-heading\">\u00a0<\/h4>\r\n<p><!-- \/wp:heading --><\/p>\r\n<\/div>\r\n<p><!-- \/wp:group --><\/p>\r\n<p><!-- wp:paragraph --><\/p>\r\n<p><!-- \/wp:paragraph --><\/p>\r\n<p><!-- wp:group {\"layout\":{\"type\":\"flex\",\"orientation\":\"horizontal\",\"flexWrap\":\"wrap\"}} --><\/p>\r\n<div class=\"wp-block-group\"><!-- wp:heading {\"level\":4} -->\r\n<h4 class=\"wp-block-heading\"><strong>Rapport D\u00e9veloppement Durable 2024 \/ R\u00e9sultats 2023\u00a0<\/strong><\/h4>\r\n<p><!-- \/wp:heading --><\/p>\r\n<p><!-- wp:freeform --><\/p>\r\n<div class=\"wp-block-group alignwide\">\r\n<div class=\"wp-block-group__inner-container\" style=\"text-align: left;\">\r\n<figure class=\"wp-block-image is-resized\"><img decoding=\"async\" class=\"alignleft wp-image-1194 \" src=\"http:\/\/www.monsoti.fr\/wp-content\/uploads\/2024\/05\/Capture-decran-2024-05-12-a-15.17.07-727x1024.png\" alt=\"\" width=\"292\" height=\"411\" \/><strong>N&rsquo;h\u00e9sitez pas \u00e0 demander notre Rapport D\u00e9veloppement Durable aupr\u00e8s de nos \u00e9quipes.<br \/><\/strong><strong>Nous serons ravis de partager nos valeurs.<br \/><\/strong>Nos enjeux de D\u00e9veloppement Durable sont li\u00e9s aux actions issues directement de nos activit\u00e9s, qui ont un impact direct sur notre environnement, sur la soci\u00e9t\u00e9, sur toutes les femmes et les hommes qui travaillent avec nous, tout au long de notre chaine de valeurs.<br \/><em style=\"font-size: inherit;\">Ce Rapport a pour objectif de pr\u00e9senter un panorama des actions r\u00e9alis\u00e9es conform\u00e9ment aux finalit\u00e9s du d\u00e9veloppement durable en faveur du climat, de la qualit\u00e9 environnementale et de l\u2019eau, de la biodiversit\u00e9, de l\u2019\u00e9panouissement de tous, de la coh\u00e9sion sociale et de la solidarit\u00e9 entre les territoires, ainsi que des modes de consommation responsables.\u00a0<\/em><\/figure>\r\n<\/div>\r\n<\/div>\r\n<div class=\"wp-block-media-text alignwide is-stacked-on-mobile\">\r\n<div class=\"wp-block-media-text__content\">\u00a0<\/div>\r\n<\/div>\r\n<\/div>\r\n<div class=\"wp-block-columns alignwide\" style=\"margin-bottom: 0;\">\r\n<p><!-- \/wp:column --><\/p>\r\n<\/div>\r\n<p><!-- \/wp:columns --><\/p>\r\n<p>&nbsp;<\/p>\r\n<p>&nbsp;<\/p>\r\n<p>&nbsp;<\/p>","protected":false},"excerpt":{"rendered":"<p>\u00a0 \u00ab Le dernier rapport du GIEC* nous le rappelle : le changement climatique est une menace pour le bien-\u00eatre humain et la sant\u00e9 de la plan\u00e8te. Nous devons donc acc\u00e9l\u00e9rer nos actions pour anticiper au maximum les risques que le changement climatique fait peser sur nos territoires. Le d\u00e9ni n\u2019est plus possible.\u00bbChristophe B\u00e9chu &#8211;<\/p><\/div>\n<div class=\"blog-btn\"><a href=\"https:\/\/menuiserie-alc.fr\/index.php\/notre-engagement\/\" class=\"home-blog-btn\">Lire la suite<\/a><\/p>\n","protected":false},"author":1,"featured_media":0,"parent":0,"menu_order":0,"comment_status":"closed","ping_status":"closed","template":"template\/template-about.php","meta":{"footnotes":""},"_links":{"self":[{"href":"https:\/\/menuiserie-alc.fr\/index.php\/wp-json\/wp\/v2\/pages\/328"}],"collection":[{"href":"https:\/\/menuiserie-alc.fr\/index.php\/wp-json\/wp\/v2\/pages"}],"about":[{"href":"https:\/\/menuiserie-alc.fr\/index.php\/wp-json\/wp\/v2\/types\/page"}],"author":[{"embeddable":true,"href":"https:\/\/menuiserie-alc.fr\/index.php\/wp-json\/wp\/v2\/users\/1"}],"replies":[{"embeddable":true,"href":"https:\/\/menuiserie-alc.fr\/index.php\/wp-json\/wp\/v2\/comments?post=328"}],"version-history":[{"count":246,"href":"https:\/\/menuiserie-alc.fr\/index.php\/wp-json\/wp\/v2\/pages\/328\/revisions"}],"predecessor-version":[{"id":1582,"href":"https:\/\/menuiserie-alc.fr\/index.php\/wp-json\/wp\/v2\/pages\/328\/revisions\/1582"}],"wp:attachment":[{"href":"https:\/\/menuiserie-alc.fr\/index.php\/wp-json\/wp\/v2\/media?parent=328"}],"curies":[{"name":"wp","href":"https:\/\/api.w.org\/{rel}","templated":true}]}}