{"id":1611,"date":"2024-07-15T18:59:38","date_gmt":"2024-07-15T16:59:38","guid":{"rendered":"https:\/\/menuiserie-alc.fr\/?page_id=1611"},"modified":"2024-07-20T18:31:00","modified_gmt":"2024-07-20T16:31:00","slug":"engage-rse-exemplaire-2","status":"publish","type":"page","link":"https:\/\/menuiserie-alc.fr\/index.php\/engage-rse-exemplaire-2\/","title":{"rendered":"Engag\u00e9 RSE Exemplaire"},"content":{"rendered":"<h3>\u00a0<\/h3>\r\n<h3 class=\"wp-block-heading\"><strong><em>NOUS SOMMES L\u2019UNE DES PREMI\u00c8RES ENTREPRISES LABELLIS\u00c9ES \u00ab\u00a0ENGAG\u00c9 RSE\u00a0\u00bb AU NIVEAU EXEMPLAIRE, DANS NOTRE DOMAINE D\u2019ACTIVIT\u00c9.<\/em><\/strong><\/h3>\r\n<p><strong>Choisir de devenir \u00ab Engag\u00e9 RSE \u00bb, c\u2019est adresser un signal fort : celui d\u2019une organisation qui assume les impacts de ses d\u00e9cisions et s\u2019engage pour un d\u00e9veloppement durable de ses processus et de ses activit\u00e9s. Structur\u00e9e sur la norme ISO 26 000 et les objectifs de d\u00e9veloppement durable de l\u2019ONU, la labellisation \u00ab Engag\u00e9 RSE \u00bb de l\u2019AFNOR Certification a \u00e9t\u00e9 d\u00e9livr\u00e9e \u00e0 un niveau Exemplaire \u00e0 la soci\u00e9t\u00e9 ALC Menuiserie, \u00e0 la suite d\u2019une \u00e9valuation ind\u00e9pendante men\u00e9e sur site pendant plusieurs jours et bas\u00e9e sur des preuves objectives fournies par l\u2019entreprise et ses parties prenantes en mati\u00e8re d\u2019impacts sociaux, environnementaux et \u00e9conomiques de ses activit\u00e9s. <\/strong><\/p>\r\n<p><strong>Cette labellisation est \u00e9galement reconnue \u00e0 l&rsquo;\u00e9chelle europ\u00e9enne via le label \u00ab\u00a0Responsibility Europe\u00a0\u00bb, lui aussi d\u00e9livr\u00e9 lors de cet audit.<\/strong> Responsibility Europe est un label qui donne \u00e0 nos engagements sociaux et environnementaux une reconnaissance internationale. Il affiche notre contribution effective aux Objectifs de D\u00e9veloppement Durable des Nations-Unies, en ligne avec la norme internationale ISO 26000.\u00a0<\/p>\r\n<!-- \/wp:paragraph -->\r\n\r\n<!-- wp:paragraph --><!-- \/wp:paragraph -->\r\n\r\n<!-- wp:columns {\"isStackedOnMobile\":false} -->\r\n<div class=\"wp-block-columns is-not-stacked-on-mobile\"><!-- wp:column {\"width\":\"100%\"} -->\r\n<div class=\"wp-block-column\" style=\"flex-basis: 100%;\"><!-- wp:group {\"layout\":{\"type\":\"constrained\"}} -->\r\n<div class=\"wp-block-group\"><!-- wp:columns -->\r\n<div class=\"wp-block-columns\"><!-- wp:column --><!-- \/wp:column -->\r\n\r\n<!-- wp:column -->\r\n<div class=\"wp-block-column\"><!-- wp:image {\"id\":2267,\"width\":\"118px\",\"height\":\"auto\",\"sizeSlug\":\"large\",\"linkDestination\":\"none\"} --><img decoding=\"async\" class=\"wp-image-2265 alignright\" style=\"width: 107px; height: auto;\" src=\"https:\/\/www.monsoti.fr\/wp-content\/uploads\/2024\/07\/ENGAGE-RSE-26000_Exemplaire_rvb-2-988x1024.jpg\" alt=\"\" \/><img decoding=\"async\" class=\"wp-image-2267 alignright\" style=\"width: 118px; height: auto;\" src=\"https:\/\/www.monsoti.fr\/wp-content\/uploads\/2024\/07\/LABEL_RE_RGB-1024x1024.png\" alt=\"\" \/><!-- \/wp:image --><\/div>\r\n<!-- \/wp:column --><\/div>\r\n<!-- \/wp:columns --><\/div>\r\n<!-- \/wp:group --><\/div>\r\n<!-- \/wp:column --><\/div>\r\n<!-- \/wp:columns -->","protected":false},"excerpt":{"rendered":"<p>\u00a0 NOUS SOMMES L\u2019UNE DES PREMI\u00c8RES ENTREPRISES LABELLIS\u00c9ES \u00ab\u00a0ENGAG\u00c9 RSE\u00a0\u00bb AU NIVEAU EXEMPLAIRE, DANS NOTRE DOMAINE D\u2019ACTIVIT\u00c9. Choisir de devenir \u00ab Engag\u00e9 RSE \u00bb, c\u2019est adresser un signal fort : celui d\u2019une organisation qui assume les impacts de ses d\u00e9cisions et s\u2019engage pour un d\u00e9veloppement durable de ses processus et de ses activit\u00e9s. Structur\u00e9e sur<\/p><\/div>\n<div class=\"blog-btn\"><a href=\"https:\/\/menuiserie-alc.fr\/index.php\/engage-rse-exemplaire-2\/\" class=\"home-blog-btn\">Lire la suite<\/a><\/p>\n","protected":false},"author":1,"featured_media":1627,"parent":0,"menu_order":0,"comment_status":"closed","ping_status":"closed","template":"","meta":{"footnotes":""},"_links":{"self":[{"href":"https:\/\/menuiserie-alc.fr\/index.php\/wp-json\/wp\/v2\/pages\/1611"}],"collection":[{"href":"https:\/\/menuiserie-alc.fr\/index.php\/wp-json\/wp\/v2\/pages"}],"about":[{"href":"https:\/\/menuiserie-alc.fr\/index.php\/wp-json\/wp\/v2\/types\/page"}],"author":[{"embeddable":true,"href":"https:\/\/menuiserie-alc.fr\/index.php\/wp-json\/wp\/v2\/users\/1"}],"replies":[{"embeddable":true,"href":"https:\/\/menuiserie-alc.fr\/index.php\/wp-json\/wp\/v2\/comments?post=1611"}],"version-history":[{"count":15,"href":"https:\/\/menuiserie-alc.fr\/index.php\/wp-json\/wp\/v2\/pages\/1611\/revisions"}],"predecessor-version":[{"id":1642,"href":"https:\/\/menuiserie-alc.fr\/index.php\/wp-json\/wp\/v2\/pages\/1611\/revisions\/1642"}],"wp:featuredmedia":[{"embeddable":true,"href":"https:\/\/menuiserie-alc.fr\/index.php\/wp-json\/wp\/v2\/media\/1627"}],"wp:attachment":[{"href":"https:\/\/menuiserie-alc.fr\/index.php\/wp-json\/wp\/v2\/media?parent=1611"}],"curies":[{"name":"wp","href":"https:\/\/api.w.org\/{rel}","templated":true}]}}