{"id":1480,"date":"2024-05-29T17:51:46","date_gmt":"2024-05-29T15:51:46","guid":{"rendered":"http:\/\/menuiserie-alc.fr\/?page_id=1480"},"modified":"2024-05-30T15:53:10","modified_gmt":"2024-05-30T13:53:10","slug":"numerique-responsable","status":"publish","type":"page","link":"https:\/\/menuiserie-alc.fr\/index.php\/numerique-responsable\/","title":{"rendered":"Faire du num\u00e9rique un levier d&rsquo;innovation pour la transition \u00e9cologique"},"content":{"rendered":"<p><img decoding=\"async\" class=\"alignleft size-large wp-image-1476\" src=\"http:\/\/www.monsoti.fr\/wp-content\/uploads\/2024\/05\/IMG_9321-copie-3-1024x531.jpeg\" alt=\"\" width=\"696\" height=\"361\"><\/p>\r\n\r\n\r\n<div class=\"wp-block-group alignfull has-background\" style=\"background-color:#f5eac1;padding-top:6vw;padding-right:6vw;padding-bottom:6vw;padding-left:6vw\"><div class=\"wp-block-group__inner-container is-layout-flow wp-block-group-is-layout-flow\">\r\n<div class=\"wp-block-group is-vertical is-nowrap is-layout-flex wp-container-core-group-is-layout-1 wp-block-group-is-layout-flex\" style=\"padding-right:0;padding-left:0\">\r\n<h6 class=\"wp-block-heading has-text-color has-medium-font-size\" id=\"ecosystem\" style=\"color:#000000\"><strong><em>SENSIBILISER AU \u00ab&nbsp;GREEN IT&nbsp;\u00bb POUR R\u00c9PONDRE \u00c0 L\u2019UN DE NOS ENJEUX PRIORITAIRES<\/em><\/strong><\/h6>\r\n\r\n\r\n\r\n<p class=\"has-small-font-size\">Profitant de l\u2019\u00e9v\u00e9nement mondial \u00ab&nbsp;Digital CleanUp Day&nbsp;\u00bb,&nbsp;journ\u00e9e mondiale de&nbsp;sensibilisation aux enjeux de la pollution num\u00e9rique et de l&#8217;empreinte carbone du digital, Christophe CLOUZEAU, Membre du comit\u00e9 scientifique de l\u2019Institut du Num\u00e9rique Responsable est intervenu dans l\u2019entreprise pour animer une sensibilisation sur le Num\u00e9rique Responsable aupr\u00e8s de nos \u00e9quipes.<\/p>\r\n\r\n\r\n\r\n<p style=\"font-size:15px\"><a href=\"https:\/\/www.linkedin.com\/posts\/christopheclouzeau_digitalcleanupday-mooc-numaezriqueresponsable-activity-7174067015056261120-WhMr?utm_source=share&amp;utm_medium=member_desktop\"><strong><em>Christophe CLOUZEAU \/ linkedin<\/em><\/strong><\/a><\/p>\r\n<\/div>\r\n\r\n\r\n\r\n<div style=\"height:1vw\" aria-hidden=\"true\" class=\"wp-block-spacer\"><\/div>\r\n\r\n\r\n\r\n<div class=\"wp-block-group alignwide is-vertical is-nowrap is-layout-flex wp-container-core-group-is-layout-2 wp-block-group-is-layout-flex\" style=\"padding-top:0;padding-right:0;padding-bottom:0;padding-left:0\">\r\n<div class=\"wp-block-columns alignwide is-layout-flex wp-container-core-columns-is-layout-1 wp-block-columns-is-layout-flex\">\r\n<div class=\"wp-block-column is-layout-flow wp-block-column-is-layout-flow\" style=\"flex-basis:33.38%\">\r\n<p class=\"has-small-font-size\" style=\"font-style:normal;font-weight:300\"><strong>La&nbsp;charte num\u00e9rique responsable, d\u00e9livr\u00e9 par l&rsquo;Institut du Num\u00e9rique responsable,&nbsp;pousse les organisations \u00e0 s\u2019\u00e9valuer et essayer de s\u2019am\u00e9liorer en permanence. Avec la signature de cette charte, nous affirmons nos engagements pour entrer r\u00e9solument dans une d\u00e9marche \u00ab&nbsp;Num\u00e9rique Responsable&nbsp;\u00bb pour notre entreprise.<\/strong> <\/p>\r\n\r\n\r\n\r\n<p class=\"has-small-font-size\">Lors de cette sensibilisation, nos \u00e9quipes ont ainsi d\u00e9couvert les nombreux impacts du num\u00e9rique en termes d\u2019environnement, de social, de soci\u00e9tal, d\u2019\u00e9conomie et de (g\u00e9o)politique, ainsi que toute la complexit\u00e9 des enjeux derri\u00e8re l\u2019industrie du num\u00e9rique. La r\u00e9alisation en commun du MOOC de l\u2019Institut du Num\u00e9rique Responsable a permis d\u2019approfondir l\u2019approche p\u00e9dagogique des informations \u00e0 leur transmettre.&nbsp;<\/p>\r\n\r\n\r\n\r\n<p class=\"has-small-font-size\"><strong>Nos \u00e9quipes repartent avec de nombreuses pistes \u00e0 explorer, une charte d\u2019engagement sign\u00e9e par le groupe, une politique num\u00e9rique interne, des guides d\u2019actions sur les usages au quotidien fournis par Digital Cleanup Day France.&nbsp;Des relais d\u2019actions en termes de r\u00e9sultats ont \u00e9t\u00e9 communiqu\u00e9s afin de rejoindre et de d\u00e9velopper un r\u00e9seau d\u2019entreprises pionni\u00e8res en mati\u00e8re de changement<\/strong>.<\/p>\r\n<\/div>\r\n\r\n\r\n\r\n<div class=\"wp-block-column is-layout-flow wp-block-column-is-layout-flow\"><\/div>\r\n\r\n\r\n\r\n<div class=\"wp-block-column is-layout-flow wp-block-column-is-layout-flow\" style=\"flex-basis:33%\">\r\n<div style=\"height:90px\" aria-hidden=\"true\" class=\"wp-block-spacer\"><\/div>\r\n\r\n\r\n\r\n<figure class=\"wp-block-image size-full is-resized\"><img decoding=\"async\" src=\"http:\/\/www.monsoti.fr\/wp-content\/uploads\/2024\/05\/CHARTE-NUMERIQUE-RESPONSABLE-recto.jpg\" alt=\"\" class=\"wp-image-1474\" style=\"width:318px;height:auto\"\/><\/figure>\r\n<\/div>\r\n\r\n\r\n\r\n<div class=\"wp-block-column is-layout-flow wp-block-column-is-layout-flow\" style=\"flex-basis:33.62%\">\r\n<figure class=\"wp-block-image size-full is-resized\"><img decoding=\"async\" src=\"http:\/\/www.monsoti.fr\/wp-content\/uploads\/2024\/05\/CHARTE-NUMERIQUE-RESPONSABLE-David-VERSO.jpg\" alt=\"\" class=\"wp-image-1516\" style=\"width:273px;height:auto\"\/><\/figure>\r\n<\/div>\r\n<\/div>\r\n\r\n\r\n\r\n<div class=\"wp-block-columns alignwide is-layout-flex wp-container-core-columns-is-layout-2 wp-block-columns-is-layout-flex\">\r\n<div class=\"wp-block-column is-layout-flow wp-block-column-is-layout-flow\" style=\"flex-basis:69%\"><div class=\"wp-block-image\">\r\n<figure class=\"alignright size-full is-resized\"><img decoding=\"async\" src=\"http:\/\/www.monsoti.fr\/wp-content\/uploads\/2024\/05\/Consignes-utilisation-PC.jpg\" alt=\"\" class=\"wp-image-1493\" style=\"aspect-ratio:0.7064935064935065;width:346px;height:auto\"\/><\/figure><\/div><\/div>\r\n\r\n\r\n\r\n<div class=\"wp-block-column is-layout-flow wp-block-column-is-layout-flow\" style=\"flex-basis:50%\">\r\n<p style=\"font-size:22px\"><br><strong><em>LE NUM\u00c9RIQUE RESPONSABLE : UNE DISCIPLINE AU QUOTIDIEN<\/em><\/strong><\/p>\r\n\r\n\r\n\r\n<p class=\"has-small-font-size\">Le virage digital que nous vivons induit une multiplication de nos \u00e9quipements technologiques ainsi que du stockage s\u00e9curis\u00e9 des donn\u00e9es. Nous avons identifi\u00e9 des pistes prioritaires de travail, il s\u2019agit de les appliquer au quotidien : organiser la fin de vie du mat\u00e9riel informatique avec la r\u00e9cup\u00e9ration, la r\u00e9paration, la revalorisation des composants, et diffuser un affichage de bonnes pratiques pour optimiser l\u2019utilisation et le stockage des applications et mails gourmands en \u00e9nergie.<\/p>\r\n\r\n\r\n\r\n<p style=\"font-size:17px\"><a href=\"https:\/\/digital-cleanup-day.fr\/le-projet\/\"><strong><em>RV pour le prochain digital cleanup day<\/em><\/strong><\/a><\/p>\r\n\r\n\r\n<div class=\"wp-block-image\">\r\n<figure class=\"alignright size-full is-resized\"><img decoding=\"async\" src=\"http:\/\/www.monsoti.fr\/wp-content\/uploads\/2024\/05\/logo-digital-cleanup-day-small-300x227.png-2.webp\" alt=\"\" class=\"wp-image-1513\" style=\"aspect-ratio:1.3285714285714285;width:211px;height:auto\"\/><\/figure><\/div><\/div>\r\n<\/div>\r\n<\/div>\r\n<\/div><\/div>\r\n\r\n\r\n\r\n<p>\/<\/p>\r\n\r\n\r\n\r\n<p><\/p>\r\n\r\n\r\n\r\n<div class=\"wp-block-buttons is-layout-flex wp-block-buttons-is-layout-flex\"><\/div>\r\n","protected":false},"excerpt":{"rendered":"<p>SENSIBILISER AU \u00ab&nbsp;GREEN IT&nbsp;\u00bb POUR R\u00c9PONDRE \u00c0 L\u2019UN DE NOS ENJEUX PRIORITAIRES Profitant de l\u2019\u00e9v\u00e9nement mondial \u00ab&nbsp;Digital CleanUp Day&nbsp;\u00bb,&nbsp;journ\u00e9e mondiale de&nbsp;sensibilisation aux enjeux de la pollution num\u00e9rique et de l&#8217;empreinte carbone du digital, Christophe CLOUZEAU, Membre du comit\u00e9 scientifique de l\u2019Institut du Num\u00e9rique Responsable est intervenu dans l\u2019entreprise pour animer une sensibilisation sur le Num\u00e9rique<\/p><\/div>\n<div class=\"blog-btn\"><a href=\"https:\/\/menuiserie-alc.fr\/index.php\/numerique-responsable\/\" class=\"home-blog-btn\">Lire la suite<\/a><\/p>\n","protected":false},"author":1,"featured_media":0,"parent":0,"menu_order":0,"comment_status":"closed","ping_status":"closed","template":"","meta":{"footnotes":""},"_links":{"self":[{"href":"https:\/\/menuiserie-alc.fr\/index.php\/wp-json\/wp\/v2\/pages\/1480"}],"collection":[{"href":"https:\/\/menuiserie-alc.fr\/index.php\/wp-json\/wp\/v2\/pages"}],"about":[{"href":"https:\/\/menuiserie-alc.fr\/index.php\/wp-json\/wp\/v2\/types\/page"}],"author":[{"embeddable":true,"href":"https:\/\/menuiserie-alc.fr\/index.php\/wp-json\/wp\/v2\/users\/1"}],"replies":[{"embeddable":true,"href":"https:\/\/menuiserie-alc.fr\/index.php\/wp-json\/wp\/v2\/comments?post=1480"}],"version-history":[{"count":3,"href":"https:\/\/menuiserie-alc.fr\/index.php\/wp-json\/wp\/v2\/pages\/1480\/revisions"}],"predecessor-version":[{"id":1544,"href":"https:\/\/menuiserie-alc.fr\/index.php\/wp-json\/wp\/v2\/pages\/1480\/revisions\/1544"}],"wp:attachment":[{"href":"https:\/\/menuiserie-alc.fr\/index.php\/wp-json\/wp\/v2\/media?parent=1480"}],"curies":[{"name":"wp","href":"https:\/\/api.w.org\/{rel}","templated":true}]}}