{"id":115,"date":"2018-11-22T15:18:30","date_gmt":"2018-11-22T14:18:30","guid":{"rendered":"http:\/\/menuiserie-alc.fr\/?page_id=115"},"modified":"2024-05-30T15:44:32","modified_gmt":"2024-05-30T13:44:32","slug":"nhesitez-pas-a-prendre-contact","status":"publish","type":"page","link":"https:\/\/menuiserie-alc.fr\/index.php\/nhesitez-pas-a-prendre-contact\/","title":{"rendered":"N&rsquo;h\u00e9sitez pas \u00e0 prendre contact !"},"content":{"rendered":"\r\n<p><strong>Notre mission de conseil est primordiale, pour comprendre vos d\u00e9sirs et chiffrer exactement, \u00e0 un prix comp\u00e9titif, la r\u00e9alisation de vos travaux.<\/strong><\/p>\r\n\r\n\r\n\r\n<p>Ensemble, nous \u00e9tudions les meilleures options pour r\u00e9pondre \u00e0 vos souhaits et \u00e0 vos exigences. Apr\u00e8s analyse de votre projet de cr\u00e9ation ou de r\u00e9novation par nos \u00e9quipes de professionnels, un devis d\u00e9taill\u00e9 pour une\u00a0installation vous est transmis. Cette demande de devis est gratuite et ne vous engage nullement \u00e0 effectuer des travaux.<\/p>\r\n\r\n\r\n\r\n<p><strong>Les activit\u00e9s de l\u2019entreprise s\u2019\u00e9tendent sur Paris et toute l\u2019Ile de France. Egalement dans toute la France pour les chantiers ponctuels.\u00a0<\/strong>La soci\u00e9t\u00e9 ALC est aujourd\u2019hui implant\u00e9e \u00e0 Paris o\u00f9 se trouvent ses bureaux, l\u2019atelier et le d\u00e9p\u00f4t se situent \u00e0 Chevilly-Larue (94).<\/p>\r\n\r\n\r\n\r\n<p>Ainsi, nous garantissons \u00e0 nos clients le double objectif d\u2019une satisfaction totale et d\u2019un travail de qualit\u00e9.\u00a0Pour r\u00e9pondre au mieux \u00e0 vos attentes, n\u2019h\u00e9sitez pas \u00e0 t\u00e9l\u00e9phoner \u00e0 notre agence&#8230;<\/p>\r\n<p>&nbsp;<\/p>\r\n\r\n\r\n\r\n\r\n\r\n\r\n\r\n\r\n\r\n\r\n\r\n<div class=\"wp-block-image\">\r\n<figure class=\"alignleft is-resized\"><img decoding=\"async\" class=\"wp-image-31\" src=\"https:\/\/alc548715930.files.wordpress.com\/2018\/09\/mailbox-icon-copie.png?w=825\" alt=\"mailbox-icon copie\" width=\"148\" height=\"183\" \/><\/figure>\r\n<\/div>\r\n\r\n\r\n\r\n<p><strong>Adresse postale :<\/strong><\/p>\r\n<p><strong>ALC MENUISERIE<br \/>10 rue Mathurin R\u00e9gnier<br \/>75015 PARIS<\/strong><\/p>\r\n\r\n\r\n\r\n\r\n\r\n\r\n\r\n\r\n\r\n<div class=\"wp-block-image\">\r\n<figure class=\"alignright\"><img decoding=\"async\" class=\"wp-image-60\" src=\"https:\/\/monsoti875473909.files.wordpress.com\/2018\/09\/contact-e1536949898541.png?w=194&amp;h=150\" alt=\"contact\" \/><\/figure>\r\n<\/div>\r\n\r\n\r\n\r\n<p style=\"text-align: right;\"><strong>T\u00e9l : +33 (0)1 46 81 24 29<br \/>Fax : +33 (0)1 46 82 60 28<br \/>E-mail : contact@menuiserie-alc.fr<br \/>Site :\u00a0<\/strong><a href=\"http:\/\/www.alc.fr\/\"><strong>http:\/\/www.menuiserie-alc.fr<\/strong><\/a><\/p>\r\n\r\n<p>&nbsp;<\/p>\r\n<p><\/p>\r\n<p class=\"is-layout-flow wp-block-group-is-layout-flow\">&nbsp;<\/p>\r\n<p><\/p>\r\n\r\n<div class=\"wp-block-group has-black-color has-text-color has-background is-layout-flow wp-block-group-is-layout-flow\" style=\"background: linear-gradient(73deg,#fafafa 0%,#f9fcfd 46%,#a19fa3 100%);\">\r\n<div class=\"wp-block-group__inner-container\"><br \/><\/div>\r\n<div class=\"wp-block-group__inner-container\"><!-- \/wp:shortcode --><\/div>\r\n<\/div>\r\n<!-- \/wp:group -->","protected":false},"excerpt":{"rendered":"<p>Notre mission de conseil est primordiale, pour comprendre vos d\u00e9sirs et chiffrer exactement, \u00e0 un prix comp\u00e9titif, la r\u00e9alisation de vos travaux. Ensemble, nous \u00e9tudions les meilleures options pour r\u00e9pondre \u00e0 vos souhaits et \u00e0 vos exigences. Apr\u00e8s analyse de votre projet de cr\u00e9ation ou de r\u00e9novation par nos \u00e9quipes de professionnels, un devis d\u00e9taill\u00e9<\/p><\/div>\n<div class=\"blog-btn\"><a href=\"https:\/\/menuiserie-alc.fr\/index.php\/nhesitez-pas-a-prendre-contact\/\" class=\"home-blog-btn\">Lire la suite<\/a><\/p>\n","protected":false},"author":1,"featured_media":0,"parent":0,"menu_order":0,"comment_status":"closed","ping_status":"closed","template":"template\/template-contact.php","meta":{"footnotes":""},"_links":{"self":[{"href":"https:\/\/menuiserie-alc.fr\/index.php\/wp-json\/wp\/v2\/pages\/115"}],"collection":[{"href":"https:\/\/menuiserie-alc.fr\/index.php\/wp-json\/wp\/v2\/pages"}],"about":[{"href":"https:\/\/menuiserie-alc.fr\/index.php\/wp-json\/wp\/v2\/types\/page"}],"author":[{"embeddable":true,"href":"https:\/\/menuiserie-alc.fr\/index.php\/wp-json\/wp\/v2\/users\/1"}],"replies":[{"embeddable":true,"href":"https:\/\/menuiserie-alc.fr\/index.php\/wp-json\/wp\/v2\/comments?post=115"}],"version-history":[{"count":23,"href":"https:\/\/menuiserie-alc.fr\/index.php\/wp-json\/wp\/v2\/pages\/115\/revisions"}],"predecessor-version":[{"id":1279,"href":"https:\/\/menuiserie-alc.fr\/index.php\/wp-json\/wp\/v2\/pages\/115\/revisions\/1279"}],"wp:attachment":[{"href":"https:\/\/menuiserie-alc.fr\/index.php\/wp-json\/wp\/v2\/media?parent=115"}],"curies":[{"name":"wp","href":"https:\/\/api.w.org\/{rel}","templated":true}]}}