{"id":112,"date":"2018-11-22T15:18:10","date_gmt":"2018-11-22T14:18:10","guid":{"rendered":"http:\/\/menuiserie-alc.fr\/?page_id=112"},"modified":"2020-09-18T21:00:19","modified_gmt":"2020-09-18T19:00:19","slug":"notre-expertise","status":"publish","type":"page","link":"https:\/\/menuiserie-alc.fr\/","title":{"rendered":"Notre expertise"},"content":{"rendered":"<p>L\u2019entreprise ALC MENUISERIE cr\u00e9\u00e9e en 1970, conna\u00eet un d\u00e9veloppement r\u00e9gulier gr\u00e2ce \u00e0 la d\u00e9marche qualit\u00e9 et la strat\u00e9gie commerciale de l\u2019\u00e9quipe dirigeante sur tous les chantiers.<\/p>\n\n\n<p><\/p>\n","protected":false},"excerpt":{"rendered":"<p>L\u2019entreprise ALC MENUISERIE cr\u00e9\u00e9e en 1970, conna\u00eet un d\u00e9veloppement r\u00e9gulier gr\u00e2ce \u00e0 la d\u00e9marche qualit\u00e9 et la strat\u00e9gie commerciale de l\u2019\u00e9quipe dirigeante sur tous les chantiers.<\/p>\n","protected":false},"author":1,"featured_media":0,"parent":0,"menu_order":0,"comment_status":"closed","ping_status":"closed","template":"template-business.php","meta":{"footnotes":""},"_links":{"self":[{"href":"https:\/\/menuiserie-alc.fr\/index.php\/wp-json\/wp\/v2\/pages\/112"}],"collection":[{"href":"https:\/\/menuiserie-alc.fr\/index.php\/wp-json\/wp\/v2\/pages"}],"about":[{"href":"https:\/\/menuiserie-alc.fr\/index.php\/wp-json\/wp\/v2\/types\/page"}],"author":[{"embeddable":true,"href":"https:\/\/menuiserie-alc.fr\/index.php\/wp-json\/wp\/v2\/users\/1"}],"replies":[{"embeddable":true,"href":"https:\/\/menuiserie-alc.fr\/index.php\/wp-json\/wp\/v2\/comments?post=112"}],"version-history":[{"count":3,"href":"https:\/\/menuiserie-alc.fr\/index.php\/wp-json\/wp\/v2\/pages\/112\/revisions"}],"predecessor-version":[{"id":185,"href":"https:\/\/menuiserie-alc.fr\/index.php\/wp-json\/wp\/v2\/pages\/112\/revisions\/185"}],"wp:attachment":[{"href":"https:\/\/menuiserie-alc.fr\/index.php\/wp-json\/wp\/v2\/media?parent=112"}],"curies":[{"name":"wp","href":"https:\/\/api.w.org\/{rel}","templated":true}]}}